{"id":60,"date":"2009-12-02T11:34:04","date_gmt":"2009-12-02T10:34:04","guid":{"rendered":"http:\/\/qbryg.pl\/?page_id=60"},"modified":"2020-06-17T09:01:50","modified_gmt":"2020-06-17T08:01:50","slug":"spotkania","status":"publish","type":"page","link":"https:\/\/qbryg.pl\/?page_id=60","title":{"rendered":"Spotkania"},"content":{"rendered":"<h3 style=\"text-align: center;\"><span style=\"font-weight: bold;\">Klubowe spotkania \u00a0odbywaj\u0105 si\u0119 co pi\u0105tek w siedzibie klubu od godz. 19:00 przy ul. Kraszowickiej 65B<\/span><\/h3>\n<p style=\"text-align: justify;\">Sk\u0142adki nale\u017cy p\u0142aci\u0107 na konto klubu lub u skarbnika do ko\u0144ca roku kalendarzowego, za kt\u00f3ry sk\u0142adki si\u0119 nale\u017c\u0105 w wyskoko\u015bci 200 z\u0142 rocznie. W przypadku nale\u017cenia do klubu kilku cz\u0142onk\u00f3w rodziny, sk\u0142adki pobierane s\u0105 za jedn\u0105 osob\u0119.<\/p>\n<p style=\"text-align: justify;\">Ka\u017cdy cz\u0142onek klubu musi odpracowa\u0107 10 roboczogodzin na rzecz klubu. W przypadku braku mo\u017cliwo\u015bci odpracowania, mo\u017cna wp\u0142aci\u0107 do kasy klubu r\u00f3wnowarto\u015b\u0107 nieodpracowanych godzin w wysoko\u015bci \u00a010 z\u0142 za godzin\u0119.<\/p>\n","protected":false},"excerpt":{"rendered":"<p>Klubowe spotkania \u00a0odbywaj\u0105 si\u0119 co pi\u0105tek w siedzibie klubu od godz. 19:00 przy ul. Kraszowickiej 65B Sk\u0142adki nale\u017cy p\u0142aci\u0107 na konto klubu lub u skarbnika do ko\u0144ca roku kalendarzowego, za kt\u00f3ry sk\u0142adki si\u0119 nale\u017c\u0105 w wyskoko\u015bci 200 z\u0142 rocznie. W przypadku nale\u017cenia do klubu kilku cz\u0142onk\u00f3w rodziny, sk\u0142adki pobierane s\u0105 za jedn\u0105 osob\u0119. Ka\u017cdy cz\u0142onek &#8230; <a title=\"Spotkania\" class=\"read-more\" href=\"https:\/\/qbryg.pl\/?page_id=60\" aria-label=\"Dowiedz si\u0119 wi\u0119cej o Spotkania\">Dowiedz si\u0119 wi\u0119cej<\/a><\/p>\n","protected":false},"author":2,"featured_media":0,"parent":0,"menu_order":0,"comment_status":"open","ping_status":"open","template":"","meta":{"footnotes":""},"class_list":["post-60","page","type-page","status-publish"],"_links":{"self":[{"href":"https:\/\/qbryg.pl\/index.php?rest_route=\/wp\/v2\/pages\/60","targetHints":{"allow":["GET"]}}],"collection":[{"href":"https:\/\/qbryg.pl\/index.php?rest_route=\/wp\/v2\/pages"}],"about":[{"href":"https:\/\/qbryg.pl\/index.php?rest_route=\/wp\/v2\/types\/page"}],"author":[{"embeddable":true,"href":"https:\/\/qbryg.pl\/index.php?rest_route=\/wp\/v2\/users\/2"}],"replies":[{"embeddable":true,"href":"https:\/\/qbryg.pl\/index.php?rest_route=%2Fwp%2Fv2%2Fcomments&post=60"}],"version-history":[{"count":32,"href":"https:\/\/qbryg.pl\/index.php?rest_route=\/wp\/v2\/pages\/60\/revisions"}],"predecessor-version":[{"id":3022,"href":"https:\/\/qbryg.pl\/index.php?rest_route=\/wp\/v2\/pages\/60\/revisions\/3022"}],"wp:attachment":[{"href":"https:\/\/qbryg.pl\/index.php?rest_route=%2Fwp%2Fv2%2Fmedia&parent=60"}],"curies":[{"name":"wp","href":"https:\/\/api.w.org\/{rel}","templated":true}]}}