{"id":54,"date":"2009-12-02T11:27:29","date_gmt":"2009-12-02T10:27:29","guid":{"rendered":"http:\/\/qbryg.pl\/?page_id=54"},"modified":"2012-07-02T09:19:36","modified_gmt":"2012-07-02T08:19:36","slug":"kontakt","status":"publish","type":"page","link":"https:\/\/qbryg.pl\/?page_id=54","title":{"rendered":"Zarz\u0105d"},"content":{"rendered":"<h3 style=\"text-align: center;\"><\/h3>\n<p style=\"text-align: left;\"><strong>Komandor<\/strong> &#8211; <strong>S\u0142awomir Bali\u0144ski<\/strong>: \u00a0<a href=\"mailto:slawek1618@tlen.pl\">slawek1618@tlen.pl<\/a><\/p>\n<p>\u00a0v-ce komandor &#8211; <strong>Krzysztof Gesele<\/strong>: \u00a0<a href=\"mailto:krzycho1001@wp.pl\">krzycho1001@wp.pl<\/a><\/p>\n<p>v-ce komandor &#8211; <strong>Ryszard Struga\u0142a<\/strong>: \u00a0<a href=\"mailto:strugala@o2.pl\">strugala@o2.pl<\/a><\/p>\n<p>skarbnik &#8211; <strong>Marek \u0141opacki<\/strong>: \u00a0<a href=\"mailto:marek@ask.swidnica.pl\">marek@ask.swidnica.pl<\/a><\/p>\n<p>sekretarz &#8211; <strong>Waldemar Z\u0105bek<\/strong>: \u00a0<a href=\"mailto:waldemarzabek@wp.pl\">waldemarzabek@wp.pl<\/a><\/p>\n<p><strong>Je\u015bli chcesz napisa\u0107 do wszystkich cz\u0142onk\u00f3w:<\/strong><\/p>\n<p>Grupa dyskusyjna Google: <a href=\"mailto:qbryg@googlegroups.com\">qbryg@googlegroups.com<\/a><\/p>\n<p style=\"text-align: center;\"><span style=\"font-size: 27px;\"><strong><br \/>\n<\/strong><\/span><\/p>\n","protected":false},"excerpt":{"rendered":"<p>Komandor &#8211; S\u0142awomir Bali\u0144ski: \u00a0slawek1618@tlen.pl \u00a0v-ce komandor &#8211; Krzysztof Gesele: \u00a0krzycho1001@wp.pl v-ce komandor &#8211; Ryszard Struga\u0142a: \u00a0strugala@o2.pl skarbnik &#8211; Marek \u0141opacki: \u00a0marek@ask.swidnica.pl sekretarz &#8211; Waldemar Z\u0105bek: \u00a0waldemarzabek@wp.pl Je\u015bli chcesz napisa\u0107 do wszystkich cz\u0142onk\u00f3w: Grupa dyskusyjna Google: qbryg@googlegroups.com<\/p>\n","protected":false},"author":2,"featured_media":0,"parent":0,"menu_order":0,"comment_status":"closed","ping_status":"closed","template":"","meta":{"footnotes":""},"class_list":["post-54","page","type-page","status-publish"],"_links":{"self":[{"href":"https:\/\/qbryg.pl\/index.php?rest_route=\/wp\/v2\/pages\/54","targetHints":{"allow":["GET"]}}],"collection":[{"href":"https:\/\/qbryg.pl\/index.php?rest_route=\/wp\/v2\/pages"}],"about":[{"href":"https:\/\/qbryg.pl\/index.php?rest_route=\/wp\/v2\/types\/page"}],"author":[{"embeddable":true,"href":"https:\/\/qbryg.pl\/index.php?rest_route=\/wp\/v2\/users\/2"}],"replies":[{"embeddable":true,"href":"https:\/\/qbryg.pl\/index.php?rest_route=%2Fwp%2Fv2%2Fcomments&post=54"}],"version-history":[{"count":11,"href":"https:\/\/qbryg.pl\/index.php?rest_route=\/wp\/v2\/pages\/54\/revisions"}],"predecessor-version":[{"id":58,"href":"https:\/\/qbryg.pl\/index.php?rest_route=\/wp\/v2\/pages\/54\/revisions\/58"}],"wp:attachment":[{"href":"https:\/\/qbryg.pl\/index.php?rest_route=%2Fwp%2Fv2%2Fmedia&parent=54"}],"curies":[{"name":"wp","href":"https:\/\/api.w.org\/{rel}","templated":true}]}}