{"id":338,"date":"2010-02-04T13:06:50","date_gmt":"2010-02-04T12:06:50","guid":{"rendered":"http:\/\/qbryg.pl\/?page_id=338"},"modified":"2026-04-05T08:03:36","modified_gmt":"2026-04-05T07:03:36","slug":"dokumenty","status":"publish","type":"page","link":"https:\/\/qbryg.pl\/?page_id=338","title":{"rendered":"Regulaminy i Dokumenty"},"content":{"rendered":"<h2><span style=\"color: #ff0000;\">Regulaminy<\/span><\/h2>\n<p><a href=\"http:\/\/qbryg.pl\/?attachment_id=396\" rel=\"attachment wp-att-396\">Skr\u00f3t regulaminu<\/a><\/p>\n<p><a href=\"http:\/\/qbryg.pl\/?attachment_id=394\" rel=\"attachment wp-att-394\">Regulamin przystani<\/a><\/p>\n<p><a href=\"http:\/\/qbryg.pl\/?attachment_id=395\" rel=\"attachment wp-att-395\">Regulamin sprz\u0119tu<\/a><\/p>\n<p><a href=\"http:\/\/qbryg.pl\/?attachment_id=393\" rel=\"attachment wp-att-393\">Ksi\u0105\u017cka portowa<\/a><\/p>\n<h2><span style=\"color: #ff0000;\"><strong>Dokumenty &#8211; Walne Zebranie 2012<\/strong><\/span><\/h2>\n<p><big><\/big><big><a href=\"http:\/\/qbryg.pl\/wp-content\/uploads\/2010\/02\/Protok\u00f3\u0142_Walnego_Zebrania_QBRYG_2012.pdf\">a\/ protok\u00f3\u0142 z Walnego Zebrania Cz\u0142onk\u00f3w<\/a><br \/>\n<\/big><\/p>\n<p><a href=\"http:\/\/qbryg.pl\/wp-content\/uploads\/2010\/02\/Uchwa\u0142y_Walnego_Zebrania_QBRYG_2012.doc\">b\/ Uchwa\u0142y Walnego Zebrania<\/a><\/p>\n<p><big><a href=\"http:\/\/www.qbryg.pl\/dok\/dokumenty%20walne\/sprawozdanie%20merytoryczne%202008r.pdf\">b\/ sprawozdanie merytoryczne Zarz\u0105du<\/a><br \/>\n<a href=\"http:\/\/www.qbryg.pl\/dok\/dokumenty%20walne\/WPROWADZENIE_DO_SPRAWOZDANIA_FINANSOWEGO_za2008W.pdf\">c\/ wprowadzenie do sprawozdania finansowego<\/a><br \/>\n<a href=\"http:\/\/www.qbryg.pl\/dok\/dokumenty%20walne\/Sprawozdanie%20z%20dzialalmnosci%20finansowej%202008poprawioneW.pdf\">d\/ sprawozdanei z dzia\u0142alno\u015bci finansowej<\/a><br \/>\n<a href=\"http:\/\/www.qbryg.pl\/dok\/dokumenty%20walne\/Rachunek%20wynik%F3w%20za%20rok%202008rpoprawionyW.pdf\">e\/ rachunek wynik\u00f3w<\/a><br \/>\n<a href=\"http:\/\/www.qbryg.pl\/dok\/dokumenty%20walne\/DODATKOWE_INFORMACJE_I_OBJASNIENIA_2008W.pdf\">f\/ dodatkowe informacje do sprawozdania finansowego<\/a><br \/>\n<a href=\"http:\/\/www.qbryg.pl\/dok\/dokumenty%20walne\/Bilans%203112008.pdf\">g\/ bilans<\/a><\/big><\/p>\n<p>&nbsp;<\/p>\n<h2><span style=\"color: #ff0000;\"><strong>Dokumenty &#8211; Walne Zebranie 2011<\/strong><\/span><\/h2>\n<p><big><\/big><big><a href=\"http:\/\/www.qbryg.pl\/dok\/dokumenty%20walne\/protokowalne%20zgromadzenie13022009l.pdf\">a\/ protok\u00f3\u0142 z Walnego Zebrania Cz\u0142onk\u00f3w<\/a><br \/>\n<a href=\"http:\/\/www.qbryg.pl\/dok\/dokumenty%20walne\/sprawozdanie%20merytoryczne%202008r.pdf\">b\/ sprawozdanie merytoryczne Zarz\u0105du<\/a><br \/>\n<a href=\"http:\/\/www.qbryg.pl\/dok\/dokumenty%20walne\/WPROWADZENIE_DO_SPRAWOZDANIA_FINANSOWEGO_za2008W.pdf\">c\/ wprowadzenie do sprawozdania finansowego<\/a><br \/>\n<a href=\"http:\/\/www.qbryg.pl\/dok\/dokumenty%20walne\/Sprawozdanie%20z%20dzialalmnosci%20finansowej%202008poprawioneW.pdf\">d\/ sprawozdanei z dzia\u0142alno\u015bci finansowej<\/a><br \/>\n<a href=\"http:\/\/www.qbryg.pl\/dok\/dokumenty%20walne\/Rachunek%20wynik%F3w%20za%20rok%202008rpoprawionyW.pdf\">e\/ rachunek wynik\u00f3w<\/a><br \/>\n<a href=\"http:\/\/www.qbryg.pl\/dok\/dokumenty%20walne\/DODATKOWE_INFORMACJE_I_OBJASNIENIA_2008W.pdf\">f\/ dodatkowe informacje do sprawozdania finansowego<\/a><br \/>\n<a href=\"http:\/\/www.qbryg.pl\/dok\/dokumenty%20walne\/Bilans%203112008.pdf\">g\/ bilans<\/a><\/big><\/p>\n<h2><span style=\"color: #ff0000;\"><strong>Dokumenty &#8211; Walne Zebranie 2010<\/strong><\/span><\/h2>\n<p><big><\/big><big><small><big><a href=\"http:\/\/www.qbryg.pl\/dok\/dokumenty%20walne\/protokowalne%20zgromadzenie13022009l.pdf\">a\/ protok\u00f3\u0142 z Walnego Zebrania Cz\u0142onk\u00f3w<\/a><br \/>\n<a href=\"http:\/\/www.qbryg.pl\/dok\/dokumenty%20walne\/sprawozdanie%20merytoryczne%202008r.pdf\">b\/ sprawozdanie merytoryczne Zarz\u0105du<\/a><br \/>\n<a href=\"http:\/\/www.qbryg.pl\/dok\/dokumenty%20walne\/WPROWADZENIE_DO_SPRAWOZDANIA_FINANSOWEGO_za2008W.pdf\">c\/ wprowadzenie do sprawozdania finansowego<\/a><br \/>\n<a href=\"http:\/\/www.qbryg.pl\/dok\/dokumenty%20walne\/Sprawozdanie%20z%20dzialalmnosci%20finansowej%202008poprawioneW.pdf\">d\/ sprawozdanei z dzia\u0142alno\u015bci finansowej<\/a><br \/>\n<a href=\"http:\/\/www.qbryg.pl\/dok\/dokumenty%20walne\/Rachunek%20wynik%F3w%20za%20rok%202008rpoprawionyW.pdf\">e\/ rachunek wynik\u00f3w<\/a><br \/>\n<a href=\"http:\/\/www.qbryg.pl\/dok\/dokumenty%20walne\/DODATKOWE_INFORMACJE_I_OBJASNIENIA_2008W.pdf\">f\/ dodatkowe informacje do sprawozdania finansowego<\/a><br \/>\n<a href=\"http:\/\/www.qbryg.pl\/dok\/dokumenty%20walne\/Bilans%203112008.pdf\">g\/ bilans<\/a><\/big><\/small><\/big><\/p>\n<h2><span style=\"color: #ff0000;\"><strong>Dokumenty &#8211; Walne Zebranie 2009<\/strong><\/span><\/h2>\n<table cellspacing=\"0\" cellpadding=\"0\">\n<tbody>\n<tr>\n<td rowspan=\"9\"><big><\/big><big><\/big><big><\/big><big><\/big><big><small><\/small><small><\/small><small><\/small><small><big><a href=\"http:\/\/www.qbryg.pl\/dok\/dokumenty%20walne\/protokowalne%20zgromadzenie13022009l.pdf\">a\/ protok\u00f3\u0142 z Walnego Zebrania Cz\u0142onk\u00f3w<\/a><br \/>\n<a href=\"http:\/\/www.qbryg.pl\/dok\/dokumenty%20walne\/sprawozdanie%20merytoryczne%202008r.pdf\">b\/ sprawozdanie merytoryczne Zarz\u0105du<\/a><br \/>\n<a href=\"http:\/\/www.qbryg.pl\/dok\/dokumenty%20walne\/WPROWADZENIE_DO_SPRAWOZDANIA_FINANSOWEGO_za2008W.pdf\">c\/ wprowadzenie do sprawozdania finansowego<\/a><br \/>\n<a href=\"http:\/\/www.qbryg.pl\/dok\/dokumenty%20walne\/Sprawozdanie%20z%20dzialalmnosci%20finansowej%202008poprawioneW.pdf\">d\/ sprawozdanei z dzia\u0142alno\u015bci finansowej<\/a><br \/>\n<a href=\"http:\/\/www.qbryg.pl\/dok\/dokumenty%20walne\/Rachunek%20wynik%F3w%20za%20rok%202008rpoprawionyW.pdf\">e\/ rachunek wynik\u00f3w<\/a><br \/>\n<a href=\"http:\/\/www.qbryg.pl\/dok\/dokumenty%20walne\/DODATKOWE_INFORMACJE_I_OBJASNIENIA_2008W.pdf\">f\/ dodatkowe informacje do sprawozdania finansowego<\/a><br \/>\n<a href=\"http:\/\/www.qbryg.pl\/dok\/dokumenty%20walne\/Bilans%203112008.pdf\">g\/ bilans<\/a><\/big> <\/small><\/big><\/td>\n<\/tr>\n<\/tbody>\n<\/table>\n<div><big style=\"font-family: Verdana, Arial, Helvetica, sans-serif; line-height: normal;\"><\/big><big><small><br \/>\n<\/small><\/big><\/div>\n","protected":false},"excerpt":{"rendered":"<p>Regulaminy Skr\u00f3t regulaminu Regulamin przystani Regulamin sprz\u0119tu Ksi\u0105\u017cka portowa Dokumenty &#8211; Walne Zebranie 2012 a\/ protok\u00f3\u0142 z Walnego Zebrania Cz\u0142onk\u00f3w b\/ Uchwa\u0142y Walnego Zebrania b\/ sprawozdanie merytoryczne Zarz\u0105du c\/ wprowadzenie do sprawozdania finansowego d\/ sprawozdanei z dzia\u0142alno\u015bci finansowej e\/ rachunek wynik\u00f3w f\/ dodatkowe informacje do sprawozdania finansowego g\/ bilans &nbsp; Dokumenty &#8211; Walne Zebranie 2011 &#8230; <a title=\"Regulaminy i Dokumenty\" class=\"read-more\" href=\"https:\/\/qbryg.pl\/?page_id=338\" aria-label=\"Dowiedz si\u0119 wi\u0119cej o Regulaminy i Dokumenty\">Dowiedz si\u0119 wi\u0119cej<\/a><\/p>\n","protected":false},"author":2,"featured_media":0,"parent":0,"menu_order":0,"comment_status":"closed","ping_status":"closed","template":"","meta":{"footnotes":""},"class_list":["post-338","page","type-page","status-publish"],"_links":{"self":[{"href":"https:\/\/qbryg.pl\/index.php?rest_route=\/wp\/v2\/pages\/338","targetHints":{"allow":["GET"]}}],"collection":[{"href":"https:\/\/qbryg.pl\/index.php?rest_route=\/wp\/v2\/pages"}],"about":[{"href":"https:\/\/qbryg.pl\/index.php?rest_route=\/wp\/v2\/types\/page"}],"author":[{"embeddable":true,"href":"https:\/\/qbryg.pl\/index.php?rest_route=\/wp\/v2\/users\/2"}],"replies":[{"embeddable":true,"href":"https:\/\/qbryg.pl\/index.php?rest_route=%2Fwp%2Fv2%2Fcomments&post=338"}],"version-history":[{"count":19,"href":"https:\/\/qbryg.pl\/index.php?rest_route=\/wp\/v2\/pages\/338\/revisions"}],"predecessor-version":[{"id":3264,"href":"https:\/\/qbryg.pl\/index.php?rest_route=\/wp\/v2\/pages\/338\/revisions\/3264"}],"wp:attachment":[{"href":"https:\/\/qbryg.pl\/index.php?rest_route=%2Fwp%2Fv2%2Fmedia&parent=338"}],"curies":[{"name":"wp","href":"https:\/\/api.w.org\/{rel}","templated":true}]}}