{"id":268,"date":"2010-02-02T11:41:31","date_gmt":"2010-02-02T10:41:31","guid":{"rendered":"http:\/\/qbryg.pl\/?page_id=268"},"modified":"2010-02-02T11:41:31","modified_gmt":"2010-02-02T10:41:31","slug":"flota","status":"publish","type":"page","link":"https:\/\/qbryg.pl\/?page_id=268","title":{"rendered":"Flota"},"content":{"rendered":"<p>HISTORIA JEDNAJ SZALUPY.<\/p>\n<p><em>\u201eJacht jest ci\u0119\u017ckim brzemieniem,<\/em><\/p>\n<p><em> je\u015bli mu nie s\u0142u\u017cysz z zami\u0142owaniem\u201d<\/em><\/p>\n<p><em>Rudolf Krautschneider<\/em><\/p>\n<p>Na jednym z d\u0142ugich, zimowych, pi\u0105tkowych spotka\u0144 cz\u0142onk\u00f3w Klubu \u017beglarskiego Qbryg, podczas opowiadania bajek z mchu i paproci o tym gdzie kto nie p\u0142ywa\u0142, na czym, ile wtedy nie wia\u0142o i innych podobnych \u201emorskich opowie\u015bci\u201d, sternicy z tak zwanej \u201estarej szko\u0142y\u201d zacz\u0119li tkliwie rozpami\u0119tywa\u0107 o tym: jak to fajnie p\u0142ywa\u0142o si\u0119 dezetami, jak od wiose\u0142 bola\u0142y r\u0119ce, ile to krwi wsi\u0105k\u0142o w pok\u0142ad nim si\u0119 sko\u0144czy\u0142 kurs. Wtedy pad\u0142a zgodna decyzja \u2013 potrzebujemy w klubie dezet\u0119!<\/p>\n<p>Rozpocz\u0119\u0142o si\u0119 nerwowe przeszukiwanie podw\u00f3rek, gara\u017cy, strych\u00f3w i sieci internet w poszukiwaniu tej jedynej, gaflowej, szalupy \u017caglowo \u2013 wios\u0142owej DZ. Rozpocz\u0119\u0142y si\u0119 wyprawy po Polsce od Mazur i Pomorza a\u017c do Tatr. Jednego razu po 1200 km wyprawie na Mazury s\u0105dzili\u015bmy \u017ce ju\u017c si\u0119 prawie uda\u0142o odnale\u017a\u0107 odpowiedni\u0105 dla nas szalup\u0119, lecz \u201eprawie\u201d jak to si\u0119 wielokrotnie p\u00f3\u017aniej oka\u017ce, robi wielk\u0105 r\u00f3\u017cnic\u0119. Odnaleziona na \u201eallegro\u201d dezeta z okolic Augustowa, okaza\u0142a si\u0119 zupe\u0142nym przegni\u0142ym na wylot i dodatkowo polaminowanym kaloszem, ale okolica i widoki przepi\u0119kne\u2026.<\/p>\n<p>Jednak\u017ce w pewien pi\u0105tkowy wiecz\u00f3r S\u0142awek przyni\u00f3s\u0142 na kolejne klubowe co pi\u0105tkowe spotkanie wiadomo\u015b\u0107: &#8211;\u00a0 \u201enad brzegiem pewnego Jeziora, le\u017cy na burcie porzucona dezeta\u201d \u2013 powiedzia\u0142. Nast\u0119pnie zorganizowa\u0142 ekspedycj\u0119 ratunkow\u0105, podczas kt\u00f3rej ustalono w\u0142a\u015bciciela, dogadano warunki zakupu \u2013 6000 z\u0142, i sta\u0142o si\u0119 \u2013 kupili\u015bmy. Nasz klub Qbryg, nie posiada\u0142 wtedy takiej got\u00f3wki, wi\u0119c powsta\u0142a klubowa maszoperia, w sk\u0142ad kt\u00f3rej wesz\u0142o sze\u015b\u0107 os\u00f3b.<\/p>\n<p>W momencie gdy w sile o\u015bmiu ch\u0142opa dojechali\u015bmy nad wody jeziora dezeta sta\u0142a ju\u017c odwr\u00f3cona do g\u00f3ry dnem, by\u0142a przygotowana do sprzeda\u017cy tak aby\u015bmy si\u0119 czasem nie rozmy\u015blili, bo poprzedni w\u0142a\u015bciciel pewnie chcia\u0142 ju\u017c zu\u017cy\u0107 jej pi\u0119kne diagonalne poszycie do rozpalania w kominku. Dodatkowo za jedyne 1400 z\u0142 wy\u0142o\u017cone przez Komandora sprzeda\u0142 do niej \u201eprawie\u201d nowe \u017cagle i dorzuci\u0142 nawigacyjne zabytkowe lampy.<\/p>\n<p>Sprawnie zapakowali\u015bmy \u201etowar\u201d na przyczep\u0119 i ruszyli\u015bmy w drog\u0119 powrotn\u0105 do \u015awidnicy. Do wieczora trwa\u0142y pielgrzymki klubowicz\u00f3w i ich rodzin, podczas kt\u00f3rych podziwiano jej pi\u0119kno, smuk\u0142\u0105 lini\u0119, \u201eprawie\u201d idealny stan techniczny, ka\u017cdy chcia\u0142 w niej posiedzie\u0107, pog\u0142aska\u0107, podotyka\u0107 a achom, echom i planom wspania\u0142ych podr\u00f3\u017cy nie by\u0142o ko\u0144ca\u2026.<\/p>\n<p>I pewnie tak podziwialiby\u015bmy i zachwycaliby\u015bmy si\u0119 ni\u0105 do dzi\u015b gdyby podczas kt\u00f3rego\u015b d\u0142ugiego, zimowego, pi\u0105tkowego, klubowego wieczoru nie pojawi\u0142y si\u0119 w klubie dwie nowe postaci, Halinka i Krzysiek Pe\u0142ka, kt\u00f3rzy us\u0142yszeli gdzie\u015b o naszym Qbrygu i przyjechali na spotkanie z po\u0142o\u017conych 50  km dalej Z\u0105bkowic.<\/p>\n<p>Krzysztof, instruktor \u017ceglarstwa, szkutnik z zawodu i zami\u0142owania, obejrza\u0142 dezet\u0119, wzi\u0105\u0142 szpikulec po czym bez wk\u0142adania wi\u0119kszej si\u0142y przebi\u0142 kilkakrotnie na wylot, w r\u00f3\u017cnych miejscach, to \u201eprawie\u201d nowe i jak\u017ce dobrze zachowane poszycie. Nast\u0119pnie stwierdzi\u0142:<\/p>\n<p>&#8211; \u0142atwiej i taniej by\u0142oby wybudowa\u0107 now\u0105, ale jak chcecie to wiosn\u0105 mo\u017cemy zacz\u0105\u0107 jej odbudow\u0119, potrzebujemy do tego jaki\u015b dach nad g\u0142ow\u0105.<\/p>\n<p>&#8211; Znam pomieszczenie gdzie po skosie powinna wej\u015b\u0107- powiedzia\u0142 Piotr &#8211; w pod\u015bwidnickim Grodziszczu i to z widokiem na pi\u0119kne G\u00f3ry Sowie. W ko\u0144cu jeste\u015bmy klubem \u017ceglarskim z g\u00f3r.<\/p>\n<p>&#8211; A ja mam potrzebne maszyny stolarskie- powiedzia\u0142 Jacek.<\/p>\n<p>Jeszcze tylko elektronarz\u0119dzia podarowane przez Franka, klubowicza, kt\u00f3ry na co dzie\u0144 zajmuje si\u0119 ich sprzeda\u017c\u0105 i tak powsta\u0142 Qbrygowy \u201eprawie\u201d zak\u0142ad szkutniczy. Ca\u0142o\u015b\u0107 zwie\u0144czy\u0142a zabytkowa, 70 letnia ose\u0142ka z piaskowca, kt\u00f3ra na co dzie\u0144 zdobi\u0142a taras domu Komandora.<\/p>\n<p>Pierwsze prace remontowe polega\u0142y na osi\u0105gni\u0119ciu stanu zerowego, czyli na demonta\u017cu resztek \u0142awek, wyj\u0119ciu skrzyni mieczowej, dulek, wszystkich oku\u0107, wyci\u0119ciu zgni\u0142ego poszycia, po kt\u00f3rym zosta\u0142y dziury wielko\u015bci dw\u00f3ch 50 calowych telewizor\u00f3w.<\/p>\n<p>Nast\u0119pnie Krzysztof sztukowa\u0142 sklejk\u0119 wodoodporn\u0105, kolejno warstwami od wewn\u0105trz i z zewn\u0105trz, sklejaj\u0105c je epidianem i wstrzeliwuj\u0105c pneumatycznie zszywki tak by kolejne warstwy idealnie przylega\u0142y do siebie i wszystkie dziury zosta\u0142y za\u0142atane.<\/p>\n<p>\u2013 Wiesz Norbi ? &#8211; powiedzia\u0142 Krzysiek podczas wyci\u0105gania zszywek z kartonik\u00f3w przyciskaj\u0105cych nowe pasy sklejki &#8211; dawali mi t\u0119 dezet\u0119 za darmo, lecz wtedy nie chcia\u0142em, co mia\u0142em z ni\u0105 robi\u0107?<\/p>\n<p>&#8211; Gdyby\u015b j\u0105 wtedy wzi\u0105\u0142 m\u00f3g\u0142by\u015b da\u0107 j\u0105 teraz do Qbrygu, a tak widzisz, musieli\u015bmy za ni\u0105 zap\u0142aci\u0107.<\/p>\n<p>&#8211; Naprawd\u0119 nie przypuszcza\u0142em, \u017ce znajdzie si\u0119 wariat, kt\u00f3ry b\u0119dzie chcia\u0142 j\u0105 remontowa\u0107 i jeszcze za ni\u0105 zap\u0142aci\u0107, a teraz o ironio, remontuj\u0119 j\u0105 w\u0142asnymi r\u0119kami \u2013 odpar\u0142 z u\u015bmiechem Krzysztof. \u2013 Po dziurach i skrzywieniu ca\u0142ej konstrukcji wida\u0107, \u017ce le\u017ca\u0142a praw\u0105 burt\u0105 na pla\u017cy dobre dwa lata \u2013 doda\u0142.<\/p>\n<p>Remont okaza\u0142 si\u0119 faktycznie kosztowny na tyle, \u017ce uczestnicy maszoperii po zapoznaniu si\u0119 z kosztami zdecydowali by dezet\u0119 przekaza\u0107 dla klubu i \u017ceby z kasy klubowej pokry\u0107 dalsze koszty remontu.<\/p>\n<p>Po odbudowie poszycia burt i wyci\u0105gni\u0119ciu z niego wszystkich zszywek, w czym wyspecjalizowali\u015bmy si\u0119 Komandor i ja, przysz\u0142a kolej na wyszlifowanie ca\u0142o\u015bci wn\u0119trza pocz\u0105wszy od dziobu poprzez z\u0119z\u0119, burty a\u017c po ruf\u0119, by pozby\u0107 si\u0119 starej szarej farby, po czym ca\u0142a z\u0119za szalupy zosta\u0142a zabezpieczona pi\u0119cioma warstwami bia\u0142ej chlorokauczukowej farby.<\/p>\n<p>Potem odbudowa i wzmocnienie st\u0119pki, ca\u0142kowita wymiana wr\u0119g z d\u0119bu, osadzenie wyremontowanej przez Piotra skrzyni mieczowej, i wykonanie nowych modrzewiowych \u0142awek.<\/p>\n<p>&#8211; Teraz potrzebujemy mahoniowe ob\u0142ogi o grubo\u015bci oko\u0142o 4 mm \u2013 rzek\u0142 Krzysztof.<\/p>\n<p>Poszukiwanie tego materia\u0142u zaj\u0119\u0142o nam wiele godzin na podr\u00f3\u017ce i telefony do r\u00f3\u017cnych firm i os\u00f3b. Niestety nie znale\u017ali\u015bmy nikogo kto je produkuje, wi\u0119c musieli\u015bmy poradzi\u0107 sobie sami.<\/p>\n<p>Wyprawa po maho\u0144 do firmy Braci Ludwi\u0144skich w Szczecinie by\u0142a strza\u0142em w dziesi\u0105tk\u0119. Kupili\u015bmy tam ponad 0.5 kubika pochodz\u0105cych ze wschodu mahoniowych brus\u00f3w o wdzi\u0119cznej nazwie niangon, a znajomy Ryszarda poci\u0105\u0142 je na odpowiedni\u0105 \u201eprawie\u201d czteromilimetrow\u0105 szeroko\u015b\u0107.<\/p>\n<p>Przyszed\u0142 czas na rozplanowanie reszty zabudowy. Na dziobie powsta\u0142a kabina na wszelkie szpeje, do kt\u00f3rej zmieszcz\u0105 si\u0119 \u201eprawie\u201d nawet dwie osoby, na rufie pok\u0142ad i dwie \u0142aweczki dla sternika. Ca\u0142o\u015bci szalupy, smaku doda\u0142o wyko\u0144czenie poprzez oklejenie wn\u0119trza burt i pok\u0142adu dziobowego mahoniow\u0105 oklein\u0105 o grubo\u015bci 1 mm, a pok\u0142adu rufowego ob\u0142ogami z niangonu na przemian ze wstawkami z jasnego drewna. Oklejenie to przyci\u0105gn\u0119\u0142o do pracy wielu klubowicz\u00f3w (Krzysiek, Monika, Szymon, Waldek, Ania, Kajtek, Arek, Oliver), kt\u00f3rzy ochoczo zabierali si\u0119 do wyrywania zszywek.<\/p>\n<p>Krzysztof wykona\u0142 tak\u017ce falszburt\u0119 wzd\u0142u\u017c burt kabiny, i na pr\u00f3b\u0119 u\u0142o\u017cy\u0142 ob\u0142ogi na wzmocnionej d\u0119bowymi deskami paw\u0119\u017cy. Wzmocnienie to konieczne jest do zamontowania 15 konnego silnika, bo wios\u0142a wios\u0142ami, ale podczas podr\u00f3\u017cy rzekami b\u0119dzie on niezb\u0119dny by pokonywa\u0107 nurt p\u0142yn\u0105c w g\u00f3r\u0119. Tak\u017ce niejako na pr\u00f3b\u0119 pokry\u0142 z zewn\u0105trz paw\u0119\u017c niangonowymi ob\u0142ogami.<\/p>\n<p>&#8211; Rysunek s\u0142oj\u00f3w i kolor przepi\u0119kne \u2013 stwierdzili wszyscy dotychczas ogl\u0105daj\u0105cy.<\/p>\n<p>Teraz przysz\u0142a kolej na zamontowanie uzyskanych z dobrodziejstwem inwentarza zbiornik\u00f3w wyporno\u015bciowych i zabudowanie ich okleinowan\u0105 mahoniem sklejk\u0105. P\u00f3\u017aniej szlifowanie ca\u0142o\u015bci i lakierowanie wn\u0119trza. Decyzja jaki lakier wybra\u0107 nie by\u0142a prosta, w ko\u0144cu wybrali\u015bmy \u201emercedesa\u201d czyli epifanes. Po przemalowaniu wn\u0119trza szalupy zamontujemy wszystkie niezb\u0119dne okucia i zacznie si\u0119 najbardziej ryzykowna cz\u0119\u015b\u0107 przedsi\u0119wzi\u0119cia \u2013 wzd\u0142u\u017cne, zewn\u0119trzne ob\u0142ogowanie ca\u0142o\u015bci kad\u0142uba. Ale o tym nied\u0142ugo \u2026..<\/p>\n","protected":false},"excerpt":{"rendered":"<p>HISTORIA JEDNAJ SZALUPY. \u201eJacht jest ci\u0119\u017ckim brzemieniem, je\u015bli mu nie s\u0142u\u017cysz z zami\u0142owaniem\u201d Rudolf Krautschneider Na jednym z d\u0142ugich, zimowych, pi\u0105tkowych spotka\u0144 cz\u0142onk\u00f3w Klubu \u017beglarskiego Qbryg, podczas opowiadania bajek z mchu i paproci o tym gdzie kto nie p\u0142ywa\u0142, na czym, ile wtedy nie wia\u0142o i innych podobnych \u201emorskich opowie\u015bci\u201d, sternicy z tak zwanej \u201estarej &#8230; <a title=\"Flota\" class=\"read-more\" href=\"https:\/\/qbryg.pl\/?page_id=268\" aria-label=\"Dowiedz si\u0119 wi\u0119cej o Flota\">Dowiedz si\u0119 wi\u0119cej<\/a><\/p>\n","protected":false},"author":2,"featured_media":0,"parent":0,"menu_order":0,"comment_status":"open","ping_status":"open","template":"","meta":{"footnotes":""},"class_list":["post-268","page","type-page","status-publish"],"_links":{"self":[{"href":"https:\/\/qbryg.pl\/index.php?rest_route=\/wp\/v2\/pages\/268","targetHints":{"allow":["GET"]}}],"collection":[{"href":"https:\/\/qbryg.pl\/index.php?rest_route=\/wp\/v2\/pages"}],"about":[{"href":"https:\/\/qbryg.pl\/index.php?rest_route=\/wp\/v2\/types\/page"}],"author":[{"embeddable":true,"href":"https:\/\/qbryg.pl\/index.php?rest_route=\/wp\/v2\/users\/2"}],"replies":[{"embeddable":true,"href":"https:\/\/qbryg.pl\/index.php?rest_route=%2Fwp%2Fv2%2Fcomments&post=268"}],"version-history":[{"count":1,"href":"https:\/\/qbryg.pl\/index.php?rest_route=\/wp\/v2\/pages\/268\/revisions"}],"predecessor-version":[{"id":269,"href":"https:\/\/qbryg.pl\/index.php?rest_route=\/wp\/v2\/pages\/268\/revisions\/269"}],"wp:attachment":[{"href":"https:\/\/qbryg.pl\/index.php?rest_route=%2Fwp%2Fv2%2Fmedia&parent=268"}],"curies":[{"name":"wp","href":"https:\/\/api.w.org\/{rel}","templated":true}]}}